{"id":352,"date":"2015-05-14T12:24:12","date_gmt":"2015-05-13T10:24:12","guid":{"rendered":"http:\/\/www.famat.it\/wordpress\/?page_id=352"},"modified":"2021-09-23T18:54:31","modified_gmt":"2021-09-23T16:54:31","slug":"privacy-and-cookies","status":"publish","type":"page","link":"http:\/\/www.famat.it\/wordpress\/index.php\/privacy-and-cookies\/","title":{"rendered":"privacy and cookies"},"content":{"rendered":"<p align=\"center\"><strong>LA PRIVACY POLICY DI QUESTO SITO<\/strong><\/p>\n<p align=\"center\">In questa pagina si descrivono le modalit\u00e0 di gestione del sito in riferimento al trattamento dei dati personali degli utenti che lo consultano.<\/p>\n<p>Si tratta di un&#8217;informativa che \u00e8 resa anche ai sensi dell&#8217;<a href=\"http:\/\/www.garanteprivacy.it\/garante\/doc.jsp?ID=1311248#articolo13\" target=\"_blank\" rel=\"noopener\">art. 13 del d.lg. n. 196\/2003 &#8211; Codice in materia di protezione dei dati personali<\/a>\u00a0\u00a0a coloro che interagiscono con i servizi <em>web<\/em> del Garante per la protezione dei dati personali, accessibili per via telematica a partire dall&#8217;indirizzo:<\/p>\n<p align=\"center\"><em>www.gpdp.it &#8211; www.garanteprivacy.it<\/em><\/p>\n<p align=\"justify\">corrispondente alla pagina iniziale del sito ufficiale dell&#8217;Autorit\u00e0.<\/p>\n<p>L&#8217;informativa \u00e8 resa solo per il sito del Garante e non anche per altri siti <em>web<\/em> eventualmente consultati dall&#8217;utente tramite <em>link<\/em>.<\/p>\n<p>L&#8217;informativa si ispira anche alla Raccomandazione n. 2\/2001 che le autorit\u00e0 europee per la protezione dei dati personali, riunite nel Gruppo istituito dall&#8217;<a href=\"http:\/\/www.garanteprivacy.it\/garante\/document?ID=432175\" target=\"_blank\" rel=\"noopener\">art. 29 della direttiva n. 95\/46\/CE<\/a>, hanno adottato il 17 maggio 2001 per individuare alcuni requisiti minimi per la raccolta di dati personali <em>on-line<\/em>, e, in particolare, le modalit\u00e0, i tempi e la natura delle informazioni che i titolari del trattamento devono fornire agli utenti quando questi si collegano a pagine <em>web<\/em>, indipendentemente dagli scopi del collegamento.<\/p>\n<p>La Raccomandazione e una descrizione di sintesi delle sue finalit\u00e0 sono riportate in altre pagine di questo sito.<\/p>\n<p><strong>IL &#8220;TITOLARE&#8221; DEL TRATTAMENTO<\/strong><\/p>\n<p>A seguito della consultazione di questo sito possono essere trattati dati relativi a persone identificate o identificabili.<\/p>\n<p>Il &#8220;titolare&#8221; del loro trattamento \u00e8 Famat di Favaro Mattia, via Tagliamento, 50 Pianiga (VE)<\/p>\n<p><strong>RESPONSABILE DEL TRATTAMENTO<\/strong><\/p>\n<p>Favaro Mattia come sopra\u00a0\u00e8 stata designato responsabile del trattamento ai sensi dell&#8217;<a href=\"http:\/\/www.garanteprivacy.it\/garante\/doc.jsp?ID=1311248#articolo29\">articolo 29<\/a> del Codice in materia di protezione dei dati personali, in quanto incaricato della manutenzione della parte tecnologica del sito.<\/p>\n<p align=\"justify\"><strong>LUOGO DI TRATTAMENTO DEI DATI<\/strong><\/p>\n<p align=\"justify\">I trattamenti connessi ai servizi web di questo sito hanno luogo presso la predetta sede del Garante e sono curati solo da personale tecnico dell&#8217;Ufficio incaricato del trattamento. In caso di necessit\u00e0, i dati connessi al servizio newsletter possono essere trattati dal personale della societ\u00e0 che cura la manutenzione della parte tecnologica del sito, Favaro Mattia\u00a0(responsabile del trattamento ai sensi dell&#8217;<a href=\"http:\/\/www.garanteprivacy.it\/garante\/doc.jsp?ID=1311248#articolo29\">articolo 29<\/a> del Codice in materia di protezione dei dati personali), presso la sede della societ\u00e0 medesima.<\/p>\n<p align=\"justify\"><strong>TIPI DI DATI TRATTATI<\/strong><\/p>\n<p align=\"justify\"><em>Dati di navigazione<\/em><br \/>\nI sistemi informatici e le procedure <em>software<\/em> preposte al funzionamento di questo sito <em>web<\/em> acquisiscono, nel corso del loro normale esercizio, alcuni dati personali la cui trasmissione \u00e8 implicita nell&#8217;uso dei protocolli di comunicazione di Internet.<\/p>\n<p>Si tratta di informazioni che non sono raccolte per essere associate a interessati identificati, ma che per loro stessa natura potrebbero, attraverso elaborazioni ed associazioni con dati detenuti da terzi, permettere di identificare gli utenti.<\/p>\n<p>In questa categoria di dati rientrano gli indirizzi IP o i nomi a dominio dei computer utilizzati dagli utenti che si connettono al sito, gli indirizzi in notazione <em>URI (Uniform Resource Identifier)<\/em> delle risorse richieste, l&#8217;orario della richiesta, il metodo utilizzato nel sottoporre la richiesta al server, la dimensione del file ottenuto in risposta, il codice numerico indicante lo stato della risposta data dal <em>server<\/em> (buon fine, errore, ecc.) ed altri parametri relativi al sistema operativo e all&#8217;ambiente informatico dell&#8217;utente.<\/p>\n<p>Questi dati vengono utilizzati al solo fine di ricavare informazioni statistiche anonime sull&#8217;uso del sito e per controllarne il corretto funzionamento e vengono cancellati immediatamente dopo l&#8217;elaborazione. I dati potrebbero essere\u00a0utilizzati per l&#8217;accertamento di responsabilit\u00e0 in caso di ipotetici reati informatici ai danni del sito: salva questa eventualit\u00e0, allo stato i dati sui contatti <em>web<\/em>\u00a0non persistono per pi\u00f9 di sette giorni.<\/p>\n<p align=\"justify\"><em>Dati forniti volontariamente dall&#8217;utente<\/em><br \/>\nL&#8217;invio facoltativo, esplicito e volontario di posta elettronica agli indirizzi indicati su questo sito comporta la successiva acquisizione dell&#8217;indirizzo del mittente, necessario per rispondere alle richieste, nonch\u00e9 degli eventuali altri dati personali inseriti nella missiva.<\/p>\n<p>Specifiche informative di sintesi verranno progressivamente riportate o visualizzate nelle pagine del sito predisposte per particolari servizi a richiesta.<\/p>\n<div id=\"content_page_intro\">\n<h1>Regole per i Cookies<\/h1>\n<div class=\"left col1\">\n<p>La presente Policy sui Cookies descrive il modo in cui i cookies sono utilizzati nel presente sito internet e il modo in cui potete abilitare o disabilitare i cookies. In particolare, include quanto segue:<\/p>\n<ul>\n<li><a href=\"http:\/\/www.it.lastminute.com\/site\/aiuto\/cookies-policy.html#what_is_a_cookie\">Cos\u2019\u00e8 un cookie?<\/a>\n<ul>\n<li><a href=\"http:\/\/www.it.lastminute.com\/site\/aiuto\/cookies-policy.html#we_have_cookies_policy\">o Perch\u00e8 abbiamo una Policy sui Cookies?<\/a><\/li>\n<\/ul>\n<\/li>\n<li><a href=\"http:\/\/www.it.lastminute.com\/site\/aiuto\/cookies-policy.html#our_cookies_policy\">La nostra Policy sui Cookies<\/a>\n<ul>\n<li><a href=\"http:\/\/www.it.lastminute.com\/site\/aiuto\/cookies-policy.html#essential_cookies\">I cookies strettamente necessari<\/a><\/li>\n<li><a href=\"http:\/\/www.it.lastminute.com\/site\/aiuto\/cookies-policy.html#performance_cookies\">I Performance cookies<\/a><\/li>\n<li><a href=\"http:\/\/www.it.lastminute.com\/site\/aiuto\/cookies-policy.html#functionality_cookies\">I Functionality cookies<\/a><\/li>\n<li><a href=\"http:\/\/www.it.lastminute.com\/site\/aiuto\/cookies-policy.html#advertising_cookies\">I cookies pubblicitari<\/a><\/li>\n<li><a href=\"http:\/\/www.it.lastminute.com\/site\/aiuto\/cookies-policy.html#third_party\">I Cookies di terzi<\/a><\/li>\n<\/ul>\n<\/li>\n<li><a href=\"http:\/\/www.it.lastminute.com\/site\/aiuto\/cookies-policy.html#managing_cookies\">Gestione dei cookies<\/a>\n<ul>\n<li><a href=\"http:\/\/www.it.lastminute.com\/site\/aiuto\/cookies-policy.html#dont_allow_cookies\">Cosa succede se non accetti cookies?<\/a><\/li>\n<li><a href=\"http:\/\/www.it.lastminute.com\/site\/aiuto\/cookies-policy.html#enable_lmn_cookie\">Come disabilitare \/ abilitare i cookies di lastminute.com?<\/a><\/li>\n<li><a href=\"http:\/\/www.it.lastminute.com\/site\/aiuto\/cookies-policy.html#enable_thirdparty_cookie\">Come disabilitare \/ abilitare i cookies di terzi?<\/a><\/li>\n<\/ul>\n<\/li>\n<\/ul>\n<\/div>\n<div class=\"right col2\"><\/div>\n<div class=\"clear\"><\/div>\n<\/div>\n<div id=\"content_page_detail\">\n<div>\n<h3><a name=\"what_is_a_cookie\"><\/a>1. Cos\u2019\u00e8 un cookie?<\/h3>\n<p>Un cookie \u00e8 una porzione di dati che viene memorizzata su un computer, tablet o telefono cellulare quando navigate in internet in modo tale che il computer, tablet o telefono (\u201cdispositivo\u201d) possa essere riconosciuto in un momento successivo. I cookies posizionati da noi, dai nostri partner commerciali o da altri terzi quando visitate il presente sito web non Vi riconoscono direttamente come persona fisica; riconoscono solamente il dispositivo che state utilizzando. I cookies non danneggiano in alcun modo il Vostro dispositivo ma abilitano molteplici importanti caratteristiche del sito internet, per esempio, Vi permettono di fare prenotazioni e di tornare alle pagine che avete cercato. Servono anche a mantenere protetto il sito internet, a ricordare le Vostre preferenze e personalizzare il contenuto del sito internet in modo che sia pi\u00f9 adatto a Voi.<\/p>\n<p>Per ulteriori informazioni sulle differenti tipologie di cookies collocati sui Vostri dispositivi mentre visitate questo sito internet, Vi preghiamo di prendere visione della nostra <a href=\"http:\/\/www.it.lastminute.com\/site\/aiuto\/cookies-policy.html#our_cookies_policy\">Policy sui Cookies.<\/a><\/p>\n<p>Avere o meno cookies sul Vostro dispositivo \u00e8 facoltativo e potete facilmente controllarne la collocazione. Per specifiche informazioni sulla gestione e sul controllo dei cookies, si rimanda alla parte <a href=\"http:\/\/www.it.lastminute.com\/site\/aiuto\/cookies-policy.html#managing_cookies\">gestione dei cookies.<\/a><\/p>\n<\/div>\n<div class=\"alert\">\n<h4><a name=\"we_have_cookies_policy\"><\/a>Perch\u00e9 abbiamo una Policy sui Cookies?<\/h4>\n<p>Abbiamo realizzato una Policy sui Cookies come parte della nostra iniziativa per conformarci alla recente normativa ma anche per assicurarVi trasparenza e chiarezza su quanto accade quando visitate il presente sito internet.<\/p>\n<\/div>\n<p><a href=\"http:\/\/www.it.lastminute.com\/site\/aiuto\/cookies-policy.html#top\">Torna all&#8217; inizio<\/a><\/p>\n<div>\n<hr \/>\n<\/div>\n<div>\n<h3><a name=\"our_cookies_policy\"><\/a>2. La nostra Policy sui Cookies<\/h3>\n<p>Per sfruttare al massimo il presente sito internet nonch\u00e9 il Vostro computer, tablet o telefono cellulare (&#8216;<strong>dispositivo<\/strong>&#8216;) mentre navigate in internet, dovreste accettare i cookies poich\u00e9 molte funzionalit\u00e0 online sono state sviluppate appositamente per operare solo attraverso l\u2019uso dei cookies. \u00c8 importante rilevare che i cookies posizionati attraverso il presente sito internet non memorizzano alcun Vostro dato personale o sensibile (quali il Vostro nome, indirizzo o dettagli relativi ai pagamenti).<\/p>\n<p>Al fine di renderVi pi\u00f9 chiare le informazioni sui cookies nella presente policy, abbiamo suddiviso i cookies in 5 categorie:<\/p>\n<ul>\n<li>\n<h4><a name=\"essential_cookies\"><\/a>I cookies indispensabili<\/h4>\n<p>Questi cookies sono indispensabili poich\u00e9 Vi consentono di muoverVi all\u2019interno del sito internet e di utilizzare le sue funzioni (per esempio, Vi consentono l\u2019accesso ad aeree riservate del sito internet). Senza questi cookies, i servizi che avete richiesto (come l\u2019uso dei carrelli d\u2019acquisto o l\u2019accesso ai Vostri ordini) non potrebbero essere forniti.<\/p>\n<p>Vi abbiamo elencato di seguito i principali \u201ccookies indispensabili\u201d utilizzati unitamente ad una spiegazione di ci\u00f2 a cui servono:<\/p>\n<p><a>Elenco dei cookies strettamente necessari &gt;<\/a><\/li>\n<li>\n<h4><a name=\"performance_cookies\"><\/a><strong>I Performance cookies<\/strong><\/h4>\n<p>Questi cookies raccolgono informazioni su come usate il sito internet (per esempio quali pagine visitate pi\u00f9 spesso e se ricevete messaggi di errore dalle pagine del sito). Le informazione accumulate da questi cookies sono utilizzate unicamente per migliorare il funzionamento del sito internet.<\/p>\n<p>Molti di questi cookies sono <a href=\"http:\/\/www.it.lastminute.com\/site\/aiuto\/cookies-policy.html#\">cookies di terzi<\/a> ma Vi abbiamo elencato di seguito i principali \u201cperformance cookies\u201d utilizzati unitamente ad una spiegazione di ci\u00f2 a cui servono:<\/p>\n<p><a>Elenco dei performance cookies &gt;<\/a><\/li>\n<li>\n<h4><a name=\"functionality_cookies\"><\/a><strong>I cookies di funzionalit\u00e0<\/strong><\/h4>\n<p>Questi cookies memorizzano le scelte che avete fatto sul sito internet (come le diverse ricerche che avete fatto) e forniscono funzioni migliorate e pi\u00f9 personalizzate. Possono altres\u00ec essere utilizzati per fornire servizi che avete richiesto (come vedere un video o inserire commenti su un blog). Questi cookies non possono dirci come Vi muovete all\u2019interno di altri siti internet, ma solo nel presente sito internet.<\/p>\n<p>Vi abbiamo elencato di seguito i principali \u201cfunctionality cookies\u201d che utilizziamo unitamente a una spiegazione in merito a come li utilizziamo:<\/p>\n<p><a>Elenco dei cookies di funzionalit\u00e0 &gt;<\/a><\/li>\n<li>\n<h4><a name=\"advertising_cookies\"><\/a><strong>Cookies pubblicitari<\/strong><\/h4>\n<p>Questi cookies sono utilizzati per fornire annunci pubblicitari che siano pi\u00f9 adatti per Voi e per i Vostri interessi. Sono altres\u00ec utilizzati per ridurre il numero delle volte in cui Voi vedete un messaggio pubblicitario ed aiuta a calcolare l\u2019efficacia di una campagna pubblicitaria.<\/p>\n<p>Questi cookies sono generalmente <a href=\"http:\/\/www.it.lastminute.com\/site\/aiuto\/cookies-policy.html#\">cookies di terzi<\/a>.<\/li>\n<li>\n<h4><a name=\"third_party\"><\/a><strong>Cookies di terzi (cio\u00e8 cookies che noi non posizioniamo sul Vostro dispositivo)<\/strong><\/h4>\n<p>Quando visitate il presente sito internet, alcuni cookies non saranno posizionati da noi ma saranno posizionati da terzi. Per esempio, se Voi cliccate su un annuncio di un terzo che appare sul sito internet (ad esempio, uno che pubblicizza un prodotto che non \u00e8 venduto da noi), quel terzo pu\u00f2 posizionare dei cookies sui Vostri dispositivi. Abbiamo dei rapporti commerciali con questi terzi ma noi non posizioniamo i cookies. Pertanto Vi suggeriamo di consultare quei siti internet di terzi per maggiori informazioni sui cookies che loro posizionano e su come Voi li potete gestire.<\/p>\n<p>Alcuni terzi che possono posizionare cookies sul Vostro computer includono:<\/p>\n<p><a>Elenco dei cookies di terzi &gt;<\/a><\/li>\n<li><a href=\"http:\/\/www.it.lastminute.com\/site\/aiuto\/cookies-policy.html#top\">Torna all&#8217; inizio<\/a><\/li>\n<\/ul>\n<\/div>\n<div>\n<hr \/>\n<\/div>\n<div>\n<h3><a name=\"managing_cookies\"><\/a>3. Gestione dei cookies<\/h3>\n<h4><a name=\"dont_allow_cookies\"><\/a>Cosa succede se non accetto i cookies?<\/h4>\n<p>Se non vengono abilitati i cookies sul Vostro computer, tablet o telefono cellulare (&#8216;<strong>dispositivo<\/strong>&#8216;), la Vostra esperienza sul sito internet potrebbe essere limitata (per esempio, potreste non essere abilitati a navigare pienamente e liberamente o ad aggiungere prodotti al vostro carrello e ad acquistarli).<\/p>\n<h4><a name=\"enable_lmn_cookie\"><\/a>Come disabilitare\/abilitare i cookies?<\/h4>\n<p>Potrete disattivare\/attivare i cookies dal Vostro dispositivo attraverso il Vostro browser internet. Vi abbiamo spiegato come potrete gestire i cookies sul Vostro computer attraverso alcuni dei principali browser internet di seguito elencati. Per le informazioni su come gestire i cookies sul Vostro tablet e\/o telefono cellulare Vi preghiamo di consultare la Vostra documentazione o i file online di aiuto.<\/p>\n<div class=\"clear\">\n<div class=\"left col1\"><img loading=\"lazy\" decoding=\"async\" src=\"http:\/\/www.lastminute.com\/site\/chrome.gif\" alt=\"\" width=\"83\" height=\"83\" \/><\/div>\n<div class=\"right col2\">\n<ul>\n<li><strong>Google Chrome<\/strong>\n<ul>\n<li>Nel menu impostazioni, selezionare \u201cmostra impostazioni avanzate\u201d in fondo alla pagina<\/li>\n<li>Selezionare il tasto \u201ccontenuto impostazioni\u201d nella sezione privacy<\/li>\n<li>La sezione in alto alla pagina che appare successivamente Vi spiega i cookies e vi permette di selezionare i cookies che volete. Vi consente anche di cancellare ogni cookie attualmente archiviato.<\/li>\n<\/ul>\n<\/li>\n<\/ul>\n<\/div>\n<\/div>\n<div class=\"clear\"><\/div>\n<div class=\"clear\">\n<div class=\"left col1\"><img loading=\"lazy\" decoding=\"async\" src=\"http:\/\/www.lastminute.com\/site\/FF.gif\" alt=\"\" width=\"83\" height=\"83\" \/><\/div>\n<div class=\"right col2\">\n<ul>\n<li><strong>Mozilla Firefox<\/strong>\n<ul>\n<li>Nel men\u00f9 degli strumenti, selezionare \u201copzioni\u201d<\/li>\n<li>Selezionare il tasto \u201cprivacy\u201d nella cartella \u201copzioni\u201d<\/li>\n<li>Dal men\u00f9 a tendina scegliere \u201cimpostazioni cronologia\u201d. Questo Vi mostrer\u00e0 le opzioni per i cookies e potrete scegliere di abilitarli o disabilitarli cliccando sulla casella.<\/li>\n<\/ul>\n<\/li>\n<\/ul>\n<\/div>\n<\/div>\n<div class=\"clear\"><\/div>\n<div class=\"clear\">\n<div class=\"left col1\"><img loading=\"lazy\" decoding=\"async\" src=\"http:\/\/www.lastminute.com\/site\/IE.gif\" alt=\"\" width=\"83\" height=\"83\" \/><\/div>\n<div class=\"right col2\">\n<ul>\n<li><strong>Internet Explorer 6+<\/strong>\n<ul>\n<li>Nella barra dei men\u00f9, selezionare \u201copzioni internet\u201d<\/li>\n<li>Clicare sul tasto \u201cprivacy\u201d<\/li>\n<li>Vedrete un cursore delle impostazioni privacy che possiede sei impostazioni che Vi consentono di controllare il numero dei cookies che saranno posizionati: Blocca tutti i Cookies, Alta, Media alta, Media (livello predefinito), Bassa, e Accetta tutti i Cookies.<\/li>\n<\/ul>\n<\/li>\n<\/ul>\n<\/div>\n<\/div>\n<div class=\"clear\"><\/div>\n<div class=\"clear\">\n<div class=\"left col1\"><img loading=\"lazy\" decoding=\"async\" src=\"http:\/\/www.lastminute.com\/site\/safari.gif\" alt=\"\" width=\"83\" height=\"83\" \/><\/div>\n<div class=\"right col2\">\n<ul>\n<li><strong>Safari browser<\/strong>\n<ul>\n<li>Nel menu impostazioni , selezionare opzione \u201cpreferenze\u201d<\/li>\n<li>Aprire la sezione privacy<\/li>\n<li>Selezionare l\u2019opzione che vuoi dalla sezione \u201cblocco cookies\u201d<\/li>\n<\/ul>\n<\/li>\n<\/ul>\n<\/div>\n<\/div>\n<div class=\"clear\"><\/div>\n<div class=\"clear\">\n<div class=\"left col1\"><img loading=\"lazy\" decoding=\"async\" src=\"http:\/\/www.lastminute.com\/site\/web.gif\" alt=\"\" width=\"83\" height=\"83\" \/><\/div>\n<div class=\"right col2\">\n<ul>\n<li><strong>Tutti gli altri browsers<\/strong><br \/>\nPer le informazioni su come gestire i cookies attraverso altri browser, consultate la Vostra documentazione o i file online di aiuto.<\/li>\n<\/ul>\n<\/div>\n<\/div>\n<div class=\"clear\"><\/div>\n<h4><a name=\"enable_thirdparty_cookie\"><\/a>Come disabilitare\/abilitare i cookies di terzi?<\/h4>\n<p>I cookies di terzi non sono posizionati da noi. Vi suggeriremmo quindi di visitare il sito internet di questi terzi per le informazioni relative ai cookies che posizionano ed al modo in cui gestirli.<\/p>\n<\/div>\n<\/div>\n<p align=\"justify\"><strong>FACOLTATIVITA&#8217; DEL CONFERIMENTO DEI DATI<\/strong><\/p>\n<p>A parte quanto specificato per i dati di navigazione, l&#8217;utente \u00e8 libero di fornire i dati personali riportati\u00a0nei moduli di richiesta al Garante o comunque indicati in contatti con l&#8217;Ufficio\u00a0per sollecitare l&#8217;invio della newsletter, di materiale informativo o di altre comunicazioni.<\/p>\n<p>Il loro mancato conferimento pu\u00f2 comportare l&#8217;impossibilit\u00e0 di ottenere quanto richiesto.<\/p>\n<p>Per completezza va ricordato che in alcuni casi\u00a0(non\u00a0oggetto dell&#8217;ordinaria gestione di questo sito) l&#8217;Autorit\u00e0 pu\u00f2 richiedere notizie e informazioni ai sensi dell&#8217;<a href=\"http:\/\/www.garanteprivacy.it\/garante\/doc.jsp?ID=1311248#articolo157\" target=\"_blank\" rel=\"noopener\">articolo 157 del Codice in materia di protezione dei dati personali<\/a>, ai fini del controllo sul trattamento dei dati personali. In questi casi la risposta \u00e8 obbligatoria a pena di sanzione amministrativa.<\/p>\n<p align=\"justify\"><strong>MODALITA&#8217; DEL TRATTAMENTO<\/strong><\/p>\n<p>I dati personali sono trattati con strumenti automatizzati per il tempo strettamente necessario a conseguire gli scopi per cui sono stati raccolti.<\/p>\n<p>Specifiche misure di sicurezza sono osservate per prevenire la perdita dei dati, usi illeciti o non corretti ed accessi non autorizzati.<\/p>\n<p align=\"justify\"><strong>DIRITTI DEGLI INTERESSATI<\/strong><\/p>\n<p>I soggetti cui si riferiscono i dati personali hanno il diritto in qualunque momento di ottenere la conferma dell&#8217;esistenza o meno dei medesimi dati e di conoscerne il contenuto e l&#8217;origine,\u00a0verificarne l&#8217;esattezza o chiederne l&#8217;integrazione o l&#8217;aggiornamento, oppure la rettificazione (<a href=\"http:\/\/www.garanteprivacy.it\/garante\/doc.jsp?ID=1311248#articolo7\" target=\"_blank\" rel=\"noopener\">articolo 7 del Codice in materia di protezione dei dati personali<\/a>).<\/p>\n<p>Ai sensi del medesimo articolo si ha\u00a0il diritto di chiedere la cancellazione, la trasformazione in forma anonima o il blocco dei dati trattati in violazione di legge, nonch\u00e9 di opporsi in ogni caso, per motivi legittimi, al loro trattamento.<\/p>\n<p id=\"aui_3_2_0_11015\"><span id=\"aui_3_2_0_11014\">Le richieste vanno rivolte:<\/span><\/p>\n<p>&#8211; via e-mail, all&#8217;indirizzo: info@famat.it<br \/>\n<strong>P3P<\/strong><\/p>\n<p>La presente informativa sulla <em>privacy<\/em> \u00e8 consultabile in forma automatica dai pi\u00f9 recenti <em>browser<\/em> che implementano lo <em>standard<\/em> P3P (&#8220;<em>Platform for Privacy Preferences Project<\/em>&#8220;) proposto dal <em>World Wide Web Consortium<\/em> (<a href=\"http:\/\/www.w3c.org\/\" target=\"_blank\" rel=\"noopener\">www.w3c.org<\/a>).<\/p>\n<p>Ogni sforzo verr\u00e0 fatto per rendere il pi\u00f9 possibile interoperabili le funzionalit\u00e0 di questo sito con i meccanismi di controllo automatico della<em>privacy<\/em> disponibili in alcuni prodotti utilizzati dagli utenti.<\/p>\n<p>Considerando che lo stato di perfezionamento dei meccanismi automatici di controllo non li rende attualmente esenti da errori e disfunzioni, si precisa che il presente documento\u00a0costituisce la &#8220;<em>Privacy Policy<\/em>&#8221; di questo sito che sar\u00e0 soggetta ad aggiornamenti.<\/p>\n<pre><\/pre>\n","protected":false},"excerpt":{"rendered":"<p>LA PRIVACY POLICY DI QUESTO SITO In questa pagina si descrivono le modalit\u00e0 di gestione del sito in riferimento al trattamento dei dati personali degli &hellip;<\/p>\n","protected":false},"author":1,"featured_media":1104,"parent":0,"menu_order":9,"comment_status":"closed","ping_status":"closed","template":"","meta":{"footnotes":""},"class_list":["post-352","page","type-page","status-publish","has-post-thumbnail","hentry"],"_links":{"self":[{"href":"http:\/\/www.famat.it\/wordpress\/index.php\/wp-json\/wp\/v2\/pages\/352","targetHints":{"allow":["GET"]}}],"collection":[{"href":"http:\/\/www.famat.it\/wordpress\/index.php\/wp-json\/wp\/v2\/pages"}],"about":[{"href":"http:\/\/www.famat.it\/wordpress\/index.php\/wp-json\/wp\/v2\/types\/page"}],"author":[{"embeddable":true,"href":"http:\/\/www.famat.it\/wordpress\/index.php\/wp-json\/wp\/v2\/users\/1"}],"replies":[{"embeddable":true,"href":"http:\/\/www.famat.it\/wordpress\/index.php\/wp-json\/wp\/v2\/comments?post=352"}],"version-history":[{"count":14,"href":"http:\/\/www.famat.it\/wordpress\/index.php\/wp-json\/wp\/v2\/pages\/352\/revisions"}],"predecessor-version":[{"id":1106,"href":"http:\/\/www.famat.it\/wordpress\/index.php\/wp-json\/wp\/v2\/pages\/352\/revisions\/1106"}],"wp:featuredmedia":[{"embeddable":true,"href":"http:\/\/www.famat.it\/wordpress\/index.php\/wp-json\/wp\/v2\/media\/1104"}],"wp:attachment":[{"href":"http:\/\/www.famat.it\/wordpress\/index.php\/wp-json\/wp\/v2\/media?parent=352"}],"curies":[{"name":"wp","href":"https:\/\/api.w.org\/{rel}","templated":true}]}}